{"id":41,"date":"2011-10-08T15:24:18","date_gmt":"2011-10-08T15:24:18","guid":{"rendered":"http:\/\/jaapmellink.nl\/wordpress\/?page_id=41"},"modified":"2011-10-22T09:35:34","modified_gmt":"2011-10-22T09:35:34","slug":"publicaties-een-selectie","status":"publish","type":"page","link":"https:\/\/jaapmellink.nl\/wordpress\/?page_id=41","title":{"rendered":"Publicaties: een selectie"},"content":{"rendered":"<table style=\"height: 9815px;\" border=\"0\" width=\"750\">\n<tbody>\n<tr>\n<td height=\"277\" valign=\"top\"><a href=\"http:\/\/jaapmellink.nl\/wordpress\/wp-content\/uploads\/2011\/10\/pagina-Blije-en-Ferwert-B\u00fbtendyks.jpg\" target=\"_blank\"><img loading=\"lazy\" class=\"alignnone size-medium wp-image-127\" title=\"pagina-Blije-en-Ferwert-B\u00fbtendyks\" src=\"http:\/\/jaapmellink.nl\/wordpress\/wp-content\/uploads\/2011\/10\/pagina-Blije-en-Ferwert-B\u00fbtendyks-207x300.jpg\" alt=\"\" width=\"207\" height=\"300\" srcset=\"https:\/\/jaapmellink.nl\/wordpress\/wp-content\/uploads\/2011\/10\/pagina-Blije-en-Ferwert-B\u00fbtendyks-207x300.jpg 207w, https:\/\/jaapmellink.nl\/wordpress\/wp-content\/uploads\/2011\/10\/pagina-Blije-en-Ferwert-B\u00fbtendyks-708x1024.jpg 708w, https:\/\/jaapmellink.nl\/wordpress\/wp-content\/uploads\/2011\/10\/pagina-Blije-en-Ferwert-B\u00fbtendyks.jpg 1024w\" sizes=\"(max-width: 207px) 100vw, 207px\" \/><\/a><\/td>\n<td valign=\"middle\">Blije en Ferwert B\u00fbtendyks<\/td>\n<\/tr>\n<tr>\n<td height=\"277\" valign=\"top\"><a href=\"http:\/\/jaapmellink.nl\/wordpress\/wp-content\/uploads\/2011\/10\/pagina-Noarderleech.jpg\" target=\"_blank\"><img loading=\"lazy\" class=\"alignnone size-medium wp-image-128\" title=\"pagina-Noarderleech\" src=\"http:\/\/jaapmellink.nl\/wordpress\/wp-content\/uploads\/2011\/10\/pagina-Noarderleech-209x300.jpg\" alt=\"\" width=\"209\" height=\"300\" srcset=\"https:\/\/jaapmellink.nl\/wordpress\/wp-content\/uploads\/2011\/10\/pagina-Noarderleech-209x300.jpg 209w, https:\/\/jaapmellink.nl\/wordpress\/wp-content\/uploads\/2011\/10\/pagina-Noarderleech-715x1024.jpg 715w, https:\/\/jaapmellink.nl\/wordpress\/wp-content\/uploads\/2011\/10\/pagina-Noarderleech.jpg 1024w\" sizes=\"(max-width: 209px) 100vw, 209px\" \/><\/a><\/td>\n<td valign=\"middle\">Noarderleech<\/td>\n<\/tr>\n<tr>\n<td height=\"277\" valign=\"top\"><a href=\"http:\/\/jaapmellink.nl\/wordpress\/wp-content\/uploads\/2011\/10\/pagina-Holwerterwestpolder.jpg\" target=\"_blank\"><img loading=\"lazy\" class=\"alignnone size-medium wp-image-130\" title=\"pagina-Holwerterwestpolder\" src=\"http:\/\/jaapmellink.nl\/wordpress\/wp-content\/uploads\/2011\/10\/pagina-Holwerterwestpolder-213x300.jpg\" alt=\"\" width=\"213\" height=\"300\" srcset=\"https:\/\/jaapmellink.nl\/wordpress\/wp-content\/uploads\/2011\/10\/pagina-Holwerterwestpolder-213x300.jpg 213w, https:\/\/jaapmellink.nl\/wordpress\/wp-content\/uploads\/2011\/10\/pagina-Holwerterwestpolder-727x1024.jpg 727w, https:\/\/jaapmellink.nl\/wordpress\/wp-content\/uploads\/2011\/10\/pagina-Holwerterwestpolder.jpg 1024w\" sizes=\"(max-width: 213px) 100vw, 213px\" \/><\/a><\/td>\n<td valign=\"middle\">Holwerterwestpolder<\/td>\n<\/tr>\n<tr>\n<td height=\"277\" valign=\"top\"><a href=\"http:\/\/jaapmellink.nl\/wordpress\/wp-content\/uploads\/2011\/10\/pagina-B\u00fbtenfjild.jpg\" target=\"_blank\"><img loading=\"lazy\" class=\"alignnone size-medium wp-image-133\" title=\"pagina-B\u00fbtenfjild\" src=\"http:\/\/jaapmellink.nl\/wordpress\/wp-content\/uploads\/2011\/10\/pagina-B\u00fbtenfjild-206x300.jpg\" alt=\"\" width=\"206\" height=\"300\" srcset=\"https:\/\/jaapmellink.nl\/wordpress\/wp-content\/uploads\/2011\/10\/pagina-B\u00fbtenfjild-206x300.jpg 206w, https:\/\/jaapmellink.nl\/wordpress\/wp-content\/uploads\/2011\/10\/pagina-B\u00fbtenfjild-703x1024.jpg 703w, https:\/\/jaapmellink.nl\/wordpress\/wp-content\/uploads\/2011\/10\/pagina-B\u00fbtenfjild.jpg 1024w\" sizes=\"(max-width: 206px) 100vw, 206px\" \/><\/a><\/td>\n<td valign=\"middle\">B\u00fbtenfjild<\/td>\n<\/tr>\n<tr>\n<td height=\"277\" valign=\"top\"><a href=\"http:\/\/jaapmellink.nl\/wordpress\/wp-content\/uploads\/2011\/10\/pagina-Eanjumerkolken.jpg\" target=\"_blank\"><img loading=\"lazy\" class=\"alignnone size-medium wp-image-134\" title=\"pagina-Eanjumerkolken\" src=\"http:\/\/jaapmellink.nl\/wordpress\/wp-content\/uploads\/2011\/10\/pagina-Eanjumerkolken-211x300.jpg\" alt=\"\" width=\"211\" height=\"300\" srcset=\"https:\/\/jaapmellink.nl\/wordpress\/wp-content\/uploads\/2011\/10\/pagina-Eanjumerkolken-211x300.jpg 211w, https:\/\/jaapmellink.nl\/wordpress\/wp-content\/uploads\/2011\/10\/pagina-Eanjumerkolken-722x1024.jpg 722w, https:\/\/jaapmellink.nl\/wordpress\/wp-content\/uploads\/2011\/10\/pagina-Eanjumerkolken.jpg 1024w\" sizes=\"(max-width: 211px) 100vw, 211px\" \/><\/a><\/td>\n<td valign=\"middle\">Eanjumerkolken<\/td>\n<\/tr>\n<tr>\n<td height=\"277\" valign=\"top\"><a href=\"http:\/\/jaapmellink.nl\/wordpress\/wp-content\/uploads\/2011\/10\/pagina-Grikel\u00e2n-en-Turkije.jpg\" target=\"_blank\"><img loading=\"lazy\" class=\"alignnone size-medium wp-image-135\" title=\"pagina-Grikel\u00e2n-en-Turkije\" src=\"http:\/\/jaapmellink.nl\/wordpress\/wp-content\/uploads\/2011\/10\/pagina-Grikel\u00e2n-en-Turkije-208x300.jpg\" alt=\"\" width=\"208\" height=\"300\" srcset=\"https:\/\/jaapmellink.nl\/wordpress\/wp-content\/uploads\/2011\/10\/pagina-Grikel\u00e2n-en-Turkije-208x300.jpg 208w, https:\/\/jaapmellink.nl\/wordpress\/wp-content\/uploads\/2011\/10\/pagina-Grikel\u00e2n-en-Turkije-712x1024.jpg 712w, https:\/\/jaapmellink.nl\/wordpress\/wp-content\/uploads\/2011\/10\/pagina-Grikel\u00e2n-en-Turkije.jpg 1024w\" sizes=\"(max-width: 208px) 100vw, 208px\" \/><\/a><\/td>\n<td valign=\"middle\">Grikel\u00e2n en Turkije<\/td>\n<\/tr>\n<tr>\n<td height=\"277\" valign=\"top\"><a href=\"http:\/\/jaapmellink.nl\/wordpress\/wp-content\/uploads\/2011\/10\/pagina-Peazemerlannen.jpg\" target=\"_blank\"><img loading=\"lazy\" class=\"alignnone size-medium wp-image-136\" title=\"pagina-Peazemerlannen\" src=\"http:\/\/jaapmellink.nl\/wordpress\/wp-content\/uploads\/2011\/10\/pagina-Peazemerlannen-198x300.jpg\" alt=\"\" width=\"198\" height=\"300\" srcset=\"https:\/\/jaapmellink.nl\/wordpress\/wp-content\/uploads\/2011\/10\/pagina-Peazemerlannen-198x300.jpg 198w, https:\/\/jaapmellink.nl\/wordpress\/wp-content\/uploads\/2011\/10\/pagina-Peazemerlannen-679x1024.jpg 679w, https:\/\/jaapmellink.nl\/wordpress\/wp-content\/uploads\/2011\/10\/pagina-Peazemerlannen.jpg 1024w\" sizes=\"(max-width: 198px) 100vw, 198px\" \/><\/a><\/td>\n<td valign=\"middle\">Peazemerlannen<\/td>\n<\/tr>\n<tr>\n<td height=\"277\" valign=\"top\"><a href=\"http:\/\/www.jaapmellink.nl\/beeld2\/bessen-plukken-en-bloemenprachtgr.png\" target=\"_blank\"><img loading=\"lazy\" src=\"http:\/\/www.jaapmellink.nl\/beeld2\/bessen-plukken-en-bloemenpracht.png\" border=\"0\" alt=\"\" width=\"200\" height=\"283\" \/><\/a><\/td>\n<td valign=\"middle\">Bessen plukken en bloemenpracht<\/td>\n<\/tr>\n<tr>\n<td colspan=\"2\" height=\"21\" valign=\"top\" bgcolor=\"#999999\"><\/td>\n<\/tr>\n<tr>\n<td height=\"277\" valign=\"top\"><a href=\"http:\/\/www.jaapmellink.nl\/beeld2\/bijtijds-kunst-van-het-niets-doengr.png\" target=\"_blank\"><img loading=\"lazy\" src=\"http:\/\/www.jaapmellink.nl\/beeld2\/bijtijds-kunst-van-het-niets-doen.png\" border=\"0\" alt=\"\" width=\"200\" height=\"283\" \/><\/a><\/td>\n<td valign=\"middle\">Bijtijds kunst van het niets doen<\/td>\n<\/tr>\n<tr>\n<td colspan=\"2\" height=\"21\" valign=\"top\" bgcolor=\"#999999\"><\/td>\n<\/tr>\n<tr>\n<td height=\"277\" valign=\"top\"><a href=\"http:\/\/www.jaapmellink.nl\/beeld2\/bootjesgr.png\" target=\"_blank\"><img loading=\"lazy\" src=\"http:\/\/www.jaapmellink.nl\/beeld2\/bootjes.png\" border=\"0\" alt=\"\" width=\"200\" height=\"301\" \/><\/a><\/td>\n<td valign=\"middle\">Bootjes<\/td>\n<\/tr>\n<tr>\n<td colspan=\"2\" height=\"21\" valign=\"top\" bgcolor=\"#999999\"><\/td>\n<\/tr>\n<tr>\n<td height=\"277\" valign=\"top\"><a href=\"http:\/\/www.jaapmellink.nl\/beeld2\/brug-naar-het-verledengr.png\" target=\"_blank\"><img loading=\"lazy\" src=\"http:\/\/www.jaapmellink.nl\/beeld2\/brug-naar-het-verleden.png\" border=\"0\" alt=\"\" width=\"200\" height=\"283\" \/><\/a><\/td>\n<td valign=\"middle\">Brug naar het verleden<\/td>\n<\/tr>\n<tr>\n<td colspan=\"2\" height=\"21\" valign=\"top\" bgcolor=\"#999999\"><\/td>\n<\/tr>\n<tr>\n<td height=\"277\" valign=\"top\"><a href=\"http:\/\/www.jaapmellink.nl\/beeld2\/de-horizongr.png\" target=\"_blank\"><img loading=\"lazy\" src=\"http:\/\/www.jaapmellink.nl\/beeld2\/de-horizon.png\" border=\"0\" alt=\"\" width=\"200\" height=\"273\" \/><\/a><\/td>\n<td valign=\"middle\">De horizon<\/td>\n<\/tr>\n<tr>\n<td colspan=\"2\" height=\"21\" valign=\"top\" bgcolor=\"#999999\"><\/td>\n<\/tr>\n<tr>\n<td height=\"143\" valign=\"top\"><a href=\"http:\/\/www.jaapmellink.nl\/beeld2\/fietsroute%20nofriesland.pdf\" target=\"_blank\"><img loading=\"lazy\" src=\"http:\/\/www.jaapmellink.nl\/beeld2\/fietsroute-nofriesland.png\" border=\"0\" alt=\"\" width=\"200\" height=\"141\" \/><\/a><\/td>\n<td valign=\"middle\">Fietsroute nofriesland<\/td>\n<\/tr>\n<tr>\n<td colspan=\"2\" height=\"21\" valign=\"top\" bgcolor=\"#999999\"><\/td>\n<\/tr>\n<tr>\n<td height=\"277\" valign=\"top\"><a href=\"http:\/\/www.jaapmellink.nl\/beeld2\/foto's-lauwersland-paggr.png\" target=\"_blank\"><img loading=\"lazy\" src=\"http:\/\/www.jaapmellink.nl\/beeld2\/foto's-lauwersland-pag.png\" border=\"0\" alt=\"\" width=\"400\" height=\"283\" \/><\/a><\/td>\n<td valign=\"middle\">Foto\u00b4s Lauwersland pagina<\/td>\n<\/tr>\n<tr>\n<td colspan=\"2\" height=\"21\" valign=\"top\" bgcolor=\"#999999\"><\/td>\n<\/tr>\n<tr>\n<td height=\"277\" valign=\"top\"><a href=\"http:\/\/www.jaapmellink.nl\/beeld2\/foto's-lauwersland-pag2gr.png\" target=\"_blank\"><img loading=\"lazy\" src=\"http:\/\/www.jaapmellink.nl\/beeld2\/foto's-lauwersland-pag2.png\" border=\"0\" alt=\"\" width=\"400\" height=\"283\" \/><\/a><\/td>\n<td valign=\"middle\">Foto\u00b4s Lauwersland pagina deel 2<\/td>\n<\/tr>\n<tr>\n<td colspan=\"2\" height=\"21\" valign=\"top\" bgcolor=\"#999999\"><\/td>\n<\/tr>\n<tr>\n<td height=\"277\" valign=\"top\"><a href=\"http:\/\/www.jaapmellink.nl\/beeld2\/iedereen-schaatstgr.png\" target=\"_blank\"><img loading=\"lazy\" src=\"http:\/\/www.jaapmellink.nl\/beeld2\/iedereen-schaatst.png\" border=\"0\" alt=\"\" width=\"200\" height=\"283\" \/><\/a><\/td>\n<td valign=\"middle\">Iedereen schaatst<\/td>\n<\/tr>\n<tr>\n<td colspan=\"2\" height=\"21\" valign=\"top\" bgcolor=\"#999999\"><\/td>\n<\/tr>\n<tr>\n<td height=\"277\" valign=\"top\"><a href=\"http:\/\/www.jaapmellink.nl\/beeld2\/koolzaadoogstgr.png\" target=\"_blank\"><img loading=\"lazy\" src=\"http:\/\/www.jaapmellink.nl\/beeld2\/koolzaadoogst.png\" border=\"0\" alt=\"\" width=\"200\" height=\"301\" \/><\/a><\/td>\n<td valign=\"middle\">Koolzaadoogst<\/td>\n<\/tr>\n<tr>\n<td colspan=\"2\" height=\"21\" valign=\"top\" bgcolor=\"#999999\"><\/td>\n<\/tr>\n<tr>\n<td height=\"103\" valign=\"top\"><a href=\"http:\/\/www.jaapmellink.nl\/beeld2\/lauwersland-brochuregr.png\" target=\"_blank\"><img loading=\"lazy\" src=\"http:\/\/www.jaapmellink.nl\/beeld2\/lauwersland-brochure.png\" border=\"0\" alt=\"\" width=\"200\" height=\"101\" \/><\/a><\/td>\n<td valign=\"middle\">Lauwersland brochure<\/td>\n<\/tr>\n<tr>\n<td colspan=\"2\" height=\"21\" valign=\"top\" bgcolor=\"#999999\"><\/td>\n<\/tr>\n<tr>\n<td height=\"277\" valign=\"top\"><a href=\"http:\/\/www.jaapmellink.nl\/beeld2\/lauwersmeer-paggr.png\" target=\"_blank\"><img loading=\"lazy\" src=\"http:\/\/www.jaapmellink.nl\/beeld2\/lauwersmeer-pag.png\" border=\"0\" alt=\"\" width=\"200\" height=\"283\" \/><\/a><\/td>\n<td valign=\"middle\">Lauwersmeer pagina Recreatiekrant<\/td>\n<\/tr>\n<tr>\n<td colspan=\"2\" height=\"21\" valign=\"top\" bgcolor=\"#999999\"><\/td>\n<\/tr>\n<tr>\n<td height=\"143\" valign=\"top\"><a href=\"http:\/\/www.jaapmellink.nl\/beeld2\/maandelijkse-rubriek-nieuwe-dockumer-courantgr.png\" target=\"_blank\"><img loading=\"lazy\" src=\"http:\/\/www.jaapmellink.nl\/beeld2\/maandelijkse-rubriek-nieuwe-dockumer-courant.png\" border=\"0\" alt=\"\" width=\"200\" height=\"141\" \/><\/a><\/td>\n<td valign=\"middle\">Maandelijkse rubriek Nieuwe Dockumer courant<\/td>\n<\/tr>\n<tr>\n<td colspan=\"2\" height=\"21\" valign=\"top\" bgcolor=\"#999999\"><\/td>\n<\/tr>\n<tr>\n<td height=\"277\" valign=\"top\"><a href=\"http:\/\/www.jaapmellink.nl\/beeld2\/omringd-door-dijkengr.png\" target=\"_blank\"><img loading=\"lazy\" src=\"http:\/\/www.jaapmellink.nl\/beeld2\/omringd-door-dijken.png\" border=\"0\" alt=\"\" width=\"200\" height=\"283\" \/><\/a><\/td>\n<td valign=\"middle\">Omringd door dijken<\/td>\n<\/tr>\n<tr>\n<td colspan=\"2\" height=\"21\" valign=\"top\" bgcolor=\"#999999\"><\/td>\n<\/tr>\n<tr>\n<td height=\"277\" valign=\"top\"><a href=\"http:\/\/www.jaapmellink.nl\/beeld2\/wandeltochtgr.png\" target=\"_blank\"><img loading=\"lazy\" src=\"http:\/\/www.jaapmellink.nl\/beeld2\/pagina-6-ndc.png\" border=\"0\" alt=\"\" width=\"400\" height=\"254\" \/><\/a><\/td>\n<td valign=\"middle\">Wandeltocht door de velden<\/td>\n<\/tr>\n<tr>\n<td colspan=\"2\" height=\"21\" valign=\"top\" bgcolor=\"#999999\"><\/td>\n<\/tr>\n<tr>\n<td height=\"277\" valign=\"top\"><a href=\"http:\/\/www.jaapmellink.nl\/beeld2\/peazemerlannengr.png\" target=\"_blank\"><img loading=\"lazy\" src=\"http:\/\/www.jaapmellink.nl\/beeld2\/peazemerlannen.png\" border=\"0\" alt=\"\" width=\"200\" height=\"301\" \/><\/a><\/td>\n<td valign=\"middle\">Peazemerlannen<\/td>\n<\/tr>\n<tr>\n<td colspan=\"2\" height=\"21\" valign=\"top\" bgcolor=\"#999999\"><\/td>\n<\/tr>\n<tr>\n<td height=\"143\" valign=\"top\"><a href=\"http:\/\/www.jaapmellink.nl\/beeld2\/rubriek-struinen-in-de-nieuwe-dockumer-courantgr.png\" target=\"_blank\"><img loading=\"lazy\" src=\"http:\/\/www.jaapmellink.nl\/beeld2\/rubriek-struinen-in-de-nieuwe-dockumer-courant.png\" border=\"0\" alt=\"\" width=\"200\" height=\"141\" \/><\/a><\/td>\n<td valign=\"middle\">Rubriek struinen<\/td>\n<\/tr>\n<tr>\n<td colspan=\"2\" height=\"21\" valign=\"top\" bgcolor=\"#999999\"><\/td>\n<\/tr>\n<tr>\n<td height=\"277\" valign=\"top\"><a href=\"http:\/\/www.jaapmellink.nl\/beeld2\/toerismegr.png\" target=\"_blank\"><img loading=\"lazy\" src=\"http:\/\/www.jaapmellink.nl\/beeld2\/toerisme.png\" border=\"0\" alt=\"\" width=\"200\" height=\"283\" \/><\/a><\/td>\n<td valign=\"middle\">Toerisme<\/td>\n<\/tr>\n<tr>\n<td colspan=\"2\" height=\"21\" valign=\"top\" bgcolor=\"#999999\"><\/td>\n<\/tr>\n<tr>\n<td height=\"277\" valign=\"top\"><a href=\"http:\/\/www.jaapmellink.nl\/beeld2\/tuin-vol-kleine-beestjesgr.png\"><img loading=\"lazy\" src=\"http:\/\/www.jaapmellink.nl\/beeld2\/tuin-vol-kleine-beestjes.png\" border=\"0\" alt=\"\" width=\"200\" height=\"283\" \/><\/a><\/td>\n<td valign=\"middle\">Tuin vol kleine beestjes<\/td>\n<\/tr>\n<tr>\n<td colspan=\"2\" height=\"21\" valign=\"top\" bgcolor=\"#999999\"><\/td>\n<\/tr>\n<tr>\n<td height=\"168\" valign=\"top\"><a href=\"http:\/\/www.jaapmellink.nl\/beeld2\/vers-gemaaid-grasgr.png\" target=\"_blank\"><img loading=\"lazy\" src=\"http:\/\/www.jaapmellink.nl\/beeld2\/vers-gemaaid-gras-2.png\" border=\"0\" alt=\"\" width=\"200\" height=\"166\" \/><\/a><\/td>\n<td valign=\"middle\">Vers gemaaid gras<\/td>\n<\/tr>\n<tr>\n<td colspan=\"2\" height=\"21\" valign=\"top\" bgcolor=\"#999999\"><\/td>\n<\/tr>\n<tr>\n<td height=\"277\" valign=\"top\"><a href=\"http:\/\/www.jaapmellink.nl\/beeld2\/vogelverschrikkergr.png\" target=\"_blank\"><img loading=\"lazy\" src=\"http:\/\/www.jaapmellink.nl\/beeld2\/vogelverschrikker.png\" border=\"0\" alt=\"\" width=\"200\" height=\"301\" \/><\/a><\/td>\n<td valign=\"middle\">Vogelverschrikker<\/td>\n<\/tr>\n<tr>\n<td colspan=\"2\" height=\"21\" valign=\"top\" bgcolor=\"#999999\"><\/td>\n<\/tr>\n<tr>\n<td height=\"277\" valign=\"top\"><a href=\"http:\/\/www.jaapmellink.nl\/beeld2\/winterplaatjesgr.png\" target=\"_blank\"><img loading=\"lazy\" src=\"http:\/\/www.jaapmellink.nl\/beeld2\/winterplaatjes.png\" border=\"0\" alt=\"\" width=\"200\" height=\"283\" \/><\/a><\/td>\n<td valign=\"middle\">Winterplaatjes<\/td>\n<\/tr>\n<tr>\n<td colspan=\"2\" height=\"21\" valign=\"top\" bgcolor=\"#999999\"><\/td>\n<\/tr>\n<tr>\n<td height=\"277\" valign=\"top\"><a href=\"http:\/\/www.jaapmellink.nl\/beeld2\/wonenbijlage-eegr.png\" target=\"_blank\"><img loading=\"lazy\" src=\"http:\/\/www.jaapmellink.nl\/beeld2\/wonenbijlage-ee.png\" border=\"0\" alt=\"\" width=\"200\" height=\"283\" \/><\/a><\/td>\n<td valign=\"middle\">Woonbijlage Ee<\/td>\n<\/tr>\n<tr>\n<td colspan=\"2\" height=\"21\" valign=\"top\" bgcolor=\"#999999\"><\/td>\n<\/tr>\n<tr>\n<td height=\"277\" valign=\"top\">\n<div class=\"aa\" style=\"text-align: left;\"><a href=\"http:\/\/www.jaapmellink.nl\/beeld\/rijp.pdf\" target=\"_blank\"><img loading=\"lazy\" src=\"http:\/\/www.jaapmellink.nl\/beeld\/rijpklein.jpg\" border=\"0\" alt=\"\" width=\"200\" height=\"299\" \/><\/a><\/div>\n<\/td>\n<td valign=\"middle\"><span style=\"font-family: Georgia, 'Times New Roman', Times, serif; font-size: medium;\">Rijp<\/span><\/td>\n<\/tr>\n<tr>\n<td colspan=\"2\" height=\"21\" valign=\"top\" bgcolor=\"#CCCCCC\"><\/td>\n<\/tr>\n<tr>\n<td width=\"289\" height=\"277\" valign=\"top\">\n<p class=\"aa\" style=\"text-align: left;\"><a href=\"http:\/\/www.jaapmellink.nl\/beeld\/11769200%20winter.pdf\" target=\"_blank\"><img loading=\"lazy\" src=\"http:\/\/www.jaapmellink.nl\/beeld\/mini\/11769200-winter.jpg\" border=\"0\" alt=\"\" width=\"200\" height=\"275\" \/><\/a><\/p>\n<\/td>\n<td width=\"451\" valign=\"middle\"><span style=\"font-family: Georgia, 'Times New Roman', Times, serif; font-size: medium;\">Winter<\/span><\/td>\n<\/tr>\n<tr>\n<td colspan=\"2\" height=\"20\" valign=\"top\" bgcolor=\"#CCCCCC\"><\/td>\n<\/tr>\n<tr>\n<td height=\"212\" valign=\"top\">\n<div class=\"aa\" style=\"text-align: left;\"><a href=\"http:\/\/www.jaapmellink.nl\/beeld\/fluitekruid.pdf\" target=\"_blank\"><img loading=\"lazy\" src=\"http:\/\/www.jaapmellink.nl\/beeld\/mini\/fluitekruid.jpg\" border=\"0\" alt=\"\" width=\"200\" height=\"276\" \/><\/a><\/div>\n<\/td>\n<td valign=\"middle\"><span style=\"font-family: Georgia, 'Times New Roman', Times, serif; font-size: medium;\">Fluitenkruid<\/span><\/td>\n<\/tr>\n<tr>\n<td colspan=\"2\" height=\"20\" valign=\"top\" bgcolor=\"#CCCCCC\"><\/td>\n<\/tr>\n<tr>\n<td height=\"212\" valign=\"top\">\n<div class=\"aa\" style=\"text-align: left;\"><a href=\"http:\/\/www.jaapmellink.nl\/beeld\/frieslandpost.pdf\" target=\"_blank\"><img loading=\"lazy\" src=\"http:\/\/www.jaapmellink.nl\/beeld\/mini\/frieslandpost1.jpg\" border=\"0\" alt=\"\" width=\"200\" height=\"275\" \/><\/a><\/div>\n<\/td>\n<td valign=\"middle\"><span style=\"font-family: Georgia, 'Times New Roman', Times, serif; font-size: medium;\">Frieslandpost<\/span><\/td>\n<\/tr>\n<tr>\n<td colspan=\"2\" height=\"20\" valign=\"top\" bgcolor=\"#CCCCCC\"><\/td>\n<\/tr>\n<tr>\n<td height=\"20\" valign=\"top\" bgcolor=\"#FFFFFF\">\n<div class=\"aa\" style=\"text-align: left;\"><a href=\"http:\/\/www.jaapmellink.nl\/beeld\/frieslandpost2pdf.pdf\" target=\"_blank\"><img loading=\"lazy\" src=\"http:\/\/www.jaapmellink.nl\/beeld\/mini\/frieslandpost2005.jpg\" border=\"0\" alt=\"\" width=\"200\" height=\"257\" \/><\/a><\/div>\n<\/td>\n<td valign=\"middle\" bgcolor=\"#FFFFFF\"><span style=\"font-family: Georgia, 'Times New Roman', Times, serif; font-size: medium;\">Frieslandpost<\/span><\/td>\n<\/tr>\n<tr>\n<td colspan=\"2\" height=\"20\" valign=\"top\" bgcolor=\"#CCCCCC\"><\/td>\n<\/tr>\n<tr>\n<td height=\"20\" valign=\"top\" bgcolor=\"#FFFFFF\">\n<div class=\"aa\" style=\"text-align: left;\"><a href=\"http:\/\/www.jaapmellink.nl\/beeld\/Lits-Lauwersmeerroute.pdf\" target=\"_blank\"><img loading=\"lazy\" src=\"http:\/\/www.jaapmellink.nl\/beeld\/mini\/Lits-Lauwersmeerroute-1.jpg\" border=\"0\" alt=\"\" width=\"200\" height=\"71\" \/><\/a><\/div>\n<\/td>\n<td valign=\"middle\" bgcolor=\"#FFFFFF\"><span style=\"font-family: Georgia, 'Times New Roman', Times, serif; font-size: medium;\">Lits-Lauwersmeerroute<\/span><\/td>\n<\/tr>\n<tr>\n<td colspan=\"2\" height=\"20\" valign=\"top\" bgcolor=\"#CCCCCC\"><\/td>\n<\/tr>\n<tr>\n<td height=\"20\" valign=\"top\" bgcolor=\"#FFFFFF\">\n<div class=\"aa\" style=\"text-align: left;\"><a href=\"http:\/\/www.jaapmellink.nl\/beeld\/mensen%20van%20toen.pdf\" target=\"_blank\"><img loading=\"lazy\" src=\"http:\/\/www.jaapmellink.nl\/beeld\/mini\/mensen-van-toen.jpg\" border=\"0\" alt=\"\" width=\"200\" height=\"140\" \/><\/a><\/div>\n<\/td>\n<td valign=\"middle\" bgcolor=\"#FFFFFF\"><span style=\"font-family: Georgia, 'Times New Roman', Times, serif; font-size: medium;\">Mensen van toen<\/span><\/td>\n<\/tr>\n<tr>\n<td colspan=\"2\" height=\"20\" valign=\"top\" bgcolor=\"#CCCCCC\"><\/td>\n<\/tr>\n<tr>\n<td height=\"20\" valign=\"top\" bgcolor=\"#FFFFFF\">\n<div class=\"aa\" style=\"text-align: left;\"><a href=\"http:\/\/www.jaapmellink.nl\/beeld\/publicatie%20dockumer.pdf\" target=\"_blank\"><img loading=\"lazy\" src=\"http:\/\/www.jaapmellink.nl\/beeld\/mini\/publicatie-dockumer.jpg\" border=\"0\" alt=\"\" width=\"200\" height=\"268\" \/><\/a><\/div>\n<\/td>\n<td valign=\"middle\" bgcolor=\"#FFFFFF\"><span style=\"font-family: Georgia, 'Times New Roman', Times, serif; font-size: medium;\">Nieuwe Dockumer Courant<\/span><\/td>\n<\/tr>\n<tr>\n<td colspan=\"2\" height=\"20\" valign=\"top\" bgcolor=\"#CCCCCC\"><\/td>\n<\/tr>\n<tr>\n<td height=\"20\" valign=\"top\" bgcolor=\"#FFFFFF\">\n<div class=\"aa\" style=\"text-align: left;\"><a href=\"http:\/\/www.jaapmellink.nl\/beeld\/reisengeniet.pdf\" target=\"_blank\"><img loading=\"lazy\" src=\"http:\/\/www.jaapmellink.nl\/beeld\/mini\/reis1.jpg\" border=\"0\" alt=\"\" width=\"200\" height=\"282\" \/><\/a><\/div>\n<\/td>\n<td valign=\"middle\" bgcolor=\"#FFFFFF\"><span style=\"font-family: Georgia, 'Times New Roman', Times, serif; font-size: medium;\">Reis &amp; Geniet<\/span><\/td>\n<\/tr>\n<tr>\n<td colspan=\"2\" height=\"20\" valign=\"top\" bgcolor=\"#CCCCCC\"><\/td>\n<\/tr>\n<tr>\n<td height=\"20\" valign=\"top\" bgcolor=\"#FFFFFF\">\n<div class=\"aa\" style=\"text-align: left;\"><a href=\"http:\/\/www.jaapmellink.nl\/beeld\/slager.pdf\" target=\"_blank\"><img loading=\"lazy\" src=\"http:\/\/www.jaapmellink.nl\/beeld\/mini\/slager.jpg\" border=\"0\" alt=\"\" width=\"200\" height=\"130\" \/><\/a><\/div>\n<\/td>\n<td valign=\"middle\" bgcolor=\"#FFFFFF\"><span style=\"font-family: Georgia, 'Times New Roman', Times, serif; font-size: medium;\">Slager Talsma<\/span><\/td>\n<\/tr>\n<tr>\n<td colspan=\"2\" height=\"20\" valign=\"top\" bgcolor=\"#CCCCCC\"><\/td>\n<\/tr>\n<tr>\n<td height=\"20\" valign=\"top\" bgcolor=\"#FFFFFF\">\n<div class=\"aa\" style=\"text-align: left;\"><a href=\"http:\/\/www.jaapmellink.nl\/beeld\/Tijd.pdf\" target=\"_blank\"><img loading=\"lazy\" src=\"http:\/\/www.jaapmellink.nl\/beeld\/mini\/Tijd.jpg\" border=\"0\" alt=\"\" width=\"200\" height=\"137\" \/><\/a><\/div>\n<\/td>\n<td valign=\"middle\" bgcolor=\"#FFFFFF\"><span style=\"font-family: Georgia, 'Times New Roman', Times, serif; font-size: medium;\">Tijd<\/span><\/td>\n<\/tr>\n<tr>\n<td colspan=\"2\" height=\"20\" valign=\"top\" bgcolor=\"#CCCCCC\"><\/td>\n<\/tr>\n<tr>\n<td height=\"20\" valign=\"top\" bgcolor=\"#FFFFFF\">\n<div class=\"aa\" style=\"text-align: left;\"><a href=\"http:\/\/www.jaapmellink.nl\/beeld\/voordraai.pdf\" target=\"_blank\"><img loading=\"lazy\" src=\"http:\/\/www.jaapmellink.nl\/beeld\/mini\/voordraai2.jpg\" border=\"0\" alt=\"\" width=\"200\" height=\"135\" \/><\/a><\/div>\n<\/td>\n<td valign=\"middle\" bgcolor=\"#FFFFFF\"><span style=\"font-family: Georgia, 'Times New Roman', Times, serif; font-size: medium;\">Voordraai<\/span><\/td>\n<\/tr>\n<tr>\n<td colspan=\"2\" height=\"20\" valign=\"top\" bgcolor=\"#CCCCCC\"><\/td>\n<\/tr>\n<tr>\n<td height=\"20\" valign=\"top\" bgcolor=\"#FFFFFF\">\n<div class=\"aa\" style=\"text-align: left;\"><a href=\"http:\/\/www.jaapmellink.nl\/beeld\/zon.pdf\" target=\"_blank\"><img loading=\"lazy\" src=\"http:\/\/www.jaapmellink.nl\/beeld\/mini\/zon.jpg\" border=\"0\" alt=\"\" width=\"200\" height=\"141\" \/><\/a><\/div>\n<\/td>\n<td valign=\"middle\" bgcolor=\"#FFFFFF\"><span style=\"font-family: Georgia, 'Times New Roman', Times, serif; font-size: medium;\">Zon<\/span><\/td>\n<\/tr>\n<tr>\n<td height=\"20\" valign=\"top\" bgcolor=\"#CCCCCC\"><\/td>\n<td valign=\"top\" bgcolor=\"#CCCCCC\"><\/td>\n<\/tr>\n<tr>\n<td height=\"20\" valign=\"top\" bgcolor=\"#FFFFFF\">\n<div class=\"aa\" style=\"text-align: left;\"><a href=\"http:\/\/www.jaapmellink.nl\/beeld\/wadden.pdf\" target=\"_blank\"><img loading=\"lazy\" src=\"http:\/\/www.jaapmellink.nl\/beeld\/mini\/wadden.jpg\" border=\"0\" alt=\"\" width=\"200\" height=\"126\" \/><\/a><\/div>\n<\/td>\n<td valign=\"middle\" bgcolor=\"#FFFFFF\"><span style=\"font-family: Georgia, 'Times New Roman', Times, serif; font-size: medium;\">Waddenbulletin<\/span><\/td>\n<\/tr>\n<tr>\n<td height=\"20\" valign=\"top\" bgcolor=\"#CCCCCC\"><\/td>\n<td valign=\"middle\" bgcolor=\"#CCCCCC\"><\/td>\n<\/tr>\n<tr>\n<td height=\"20\" valign=\"top\" bgcolor=\"#FFFFFF\">\n<div class=\"aa\" style=\"text-align: left;\"><a href=\"http:\/\/www.jaapmellink.nl\/beeld\/folderwandelinDokkum.pdf\" target=\"_blank\"><img loading=\"lazy\" src=\"http:\/\/www.jaapmellink.nl\/beeld\/mini\/folderwandelinDokkum.jpg\" border=\"0\" alt=\"\" width=\"200\" height=\"143\" \/><\/a><\/div>\n<\/td>\n<td valign=\"middle\" bgcolor=\"#FFFFFF\"><span style=\"font-family: Georgia, 'Times New Roman', Times, serif; font-size: medium;\">Stadswandeling Dokkum<\/span><\/td>\n<\/tr>\n<tr>\n<td height=\"20\" valign=\"top\" bgcolor=\"#FFFFFF\"><\/td>\n<td valign=\"middle\" bgcolor=\"#FFFFFF\"><\/td>\n<\/tr>\n<\/tbody>\n<\/table>\n","protected":false},"excerpt":{"rendered":"<p>Blije en Ferwert B\u00fbtendyks Noarderleech Holwerterwestpolder B\u00fbtenfjild Eanjumerkolken Grikel\u00e2n en Turkije Peazemerlannen Bessen plukken en bloemenpracht Bijtijds kunst van het niets doen Bootjes Brug naar het verleden De horizon Fietsroute nofriesland Foto\u00b4s Lauwersland pagina Foto\u00b4s Lauwersland pagina deel 2 Iedereen &hellip; <a href=\"https:\/\/jaapmellink.nl\/wordpress\/?page_id=41\">Continue reading <span class=\"meta-nav\">&rarr;<\/span><\/a><\/p>\n","protected":false},"author":1,"featured_media":0,"parent":0,"menu_order":7,"comment_status":"closed","ping_status":"closed","template":"","meta":[],"_links":{"self":[{"href":"https:\/\/jaapmellink.nl\/wordpress\/index.php?rest_route=\/wp\/v2\/pages\/41"}],"collection":[{"href":"https:\/\/jaapmellink.nl\/wordpress\/index.php?rest_route=\/wp\/v2\/pages"}],"about":[{"href":"https:\/\/jaapmellink.nl\/wordpress\/index.php?rest_route=\/wp\/v2\/types\/page"}],"author":[{"embeddable":true,"href":"https:\/\/jaapmellink.nl\/wordpress\/index.php?rest_route=\/wp\/v2\/users\/1"}],"replies":[{"embeddable":true,"href":"https:\/\/jaapmellink.nl\/wordpress\/index.php?rest_route=%2Fwp%2Fv2%2Fcomments&post=41"}],"version-history":[{"count":6,"href":"https:\/\/jaapmellink.nl\/wordpress\/index.php?rest_route=\/wp\/v2\/pages\/41\/revisions"}],"predecessor-version":[{"id":43,"href":"https:\/\/jaapmellink.nl\/wordpress\/index.php?rest_route=\/wp\/v2\/pages\/41\/revisions\/43"}],"wp:attachment":[{"href":"https:\/\/jaapmellink.nl\/wordpress\/index.php?rest_route=%2Fwp%2Fv2%2Fmedia&parent=41"}],"curies":[{"name":"wp","href":"https:\/\/api.w.org\/{rel}","templated":true}]}}